{"id":18775,"date":"2025-07-14T21:50:06","date_gmt":"2025-07-14T21:50:06","guid":{"rendered":"https:\/\/the-rentcar.at\/?page_id=18775"},"modified":"2025-07-14T21:51:49","modified_gmt":"2025-07-14T21:51:49","slug":"allgemeine-mietbedingungen","status":"publish","type":"page","link":"https:\/\/the-rentcar.at\/en\/allgemeine-mietbedingungen\/","title":{"rendered":"General Rental Terms"},"content":{"rendered":"<div data-elementor-type=\"wp-page\" data-elementor-id=\"18775\" class=\"elementor elementor-18775\" data-elementor-post-type=\"page\">\n\t\t\t\t<div class=\"elementor-element elementor-element-ca3010b e-flex e-con-boxed e-con e-parent\" data-id=\"ca3010b\" data-element_type=\"container\" data-settings=\"{&quot;background_background&quot;:&quot;classic&quot;}\">\n\t\t\t\t\t<div class=\"e-con-inner\">\n\t\t\t\t<div class=\"elementor-element elementor-element-ae18992 elementor-widget elementor-widget-heading\" data-id=\"ae18992\" data-element_type=\"widget\" data-widget_type=\"heading.default\">\n\t\t\t\t<div class=\"elementor-widget-container\">\n\t\t\t\t\t<h2 class=\"elementor-heading-title elementor-size-default\">General Rental Terms<\/h2>\t\t\t\t<\/div>\n\t\t\t\t<\/div>\n\t\t\t\t\t<\/div>\n\t\t\t\t<\/div>\n\t\t<div class=\"elementor-element elementor-element-aeb4054 e-flex e-con-boxed e-con e-parent\" data-id=\"aeb4054\" data-element_type=\"container\" data-settings=\"{&quot;background_background&quot;:&quot;classic&quot;}\">\n\t\t\t\t\t<div class=\"e-con-inner\">\n\t\t\t\t<div class=\"elementor-element elementor-element-78b7a8e elementor-widget elementor-widget-text-editor\" data-id=\"78b7a8e\" data-element_type=\"widget\" data-widget_type=\"text-editor.default\">\n\t\t\t\t<div class=\"elementor-widget-container\">\n\t\t\t\t\t\t\t\t\t<h3><b>1. Fahrzeugzustand und Nutzung<\/b><\/h3><p><span style=\"font-weight: 400;\">Mit der \u00dcbernahme best\u00e4tigt der Mieter, dass das \u00fcbergebene Fahrzeug sich in einem verkehrstauglichen, sauberen und technisch einwandfreien Zustand befindet. Eventuelle Vorsch\u00e4den werden vor Fahrtantritt dokumentiert. Der Vermieter beh\u00e4lt sich das Recht vor, einen Ersatzschl\u00fcssel aufzubewahren.<\/span><\/p><p><span style=\"font-weight: 400;\">Das Fahrzeug darf ausschlie\u00dflich vom Mieter oder einem im Mietvertrag eingetragenen Fahrer verwendet werden \u2013 sowohl zu privaten als auch gesch\u00e4ftlichen Zwecken, inklusive Fahrten ins Ausland. Die Weitergabe an Dritte, egal ob entgeltlich oder unentgeltlich, ist nicht gestattet. Verboten sind dar\u00fcber hinaus Gel\u00e4ndefahrten, Eins\u00e4tze bei Motorsportveranstaltungen, Fahrten auf Rennstrecken sowie das Abschleppen anderer Fahrzeuge.<\/span><\/p><p><span style=\"font-weight: 400;\">Der Mieter verpflichtet sich, die Stra\u00dfenverkehrsordnung (StVO) einzuhalten und f\u00fcr eine ordnungsgem\u00e4\u00dfe Nutzung Sorge zu tragen.<\/span><\/p><h3><b>2. Erforderliche Dokumente bei \u00dcbergabe<\/b><\/h3><p><span style=\"font-weight: 400;\">Zur \u00dcbernahme des Fahrzeugs sind folgende Dokumente im Original vorzulegen:<\/span><\/p><ul><li style=\"font-weight: 400;\" aria-level=\"1\"><span style=\"font-weight: 400;\">Eine g\u00fcltige Fahrerlaubnis<\/span><p>\u00a0<\/p><\/li><li style=\"font-weight: 400;\" aria-level=\"1\"><span style=\"font-weight: 400;\">Ein amtlicher Lichtbildausweis (Personalausweis oder Reisepass)<\/span><p>\u00a0<\/p><\/li><li style=\"font-weight: 400;\" aria-level=\"1\"><span style=\"font-weight: 400;\">Ein akzeptiertes Zahlungsmittel (z.\u202fB. Kreditkarten von Visa, Mastercard, Maestro oder Diners Club \u2013 Prepaid-Karten werden nicht angenommen)<\/span><\/li><\/ul><h3><b>3. Mietpreis und Nebenkosten<\/b><\/h3><p><span style=\"font-weight: 400;\">Folgende Betr\u00e4ge sind vom Mieter zu tragen:<\/span><\/p><ul><li style=\"font-weight: 400;\" aria-level=\"1\"><span style=\"font-weight: 400;\">Der vereinbarte Mietpreis zuz\u00fcglich der jeweils g\u00fcltigen Umsatzsteuer<\/span><p>\u00a0<\/p><\/li><li style=\"font-weight: 400;\" aria-level=\"1\"><span style=\"font-weight: 400;\">Etwaige Kosten f\u00fcr Zustellung und Abholung<\/span><p>\u00a0<\/p><\/li><li style=\"font-weight: 400;\" aria-level=\"1\"><span style=\"font-weight: 400;\">S\u00e4mtliche Geb\u00fchren im Zusammenhang mit der Fahrzeugnutzung (z.\u202fB. Maut, Vignette, Strafen, Bu\u00dfgelder)<\/span><p>\u00a0<\/p><\/li><\/ul><p><span style=\"font-weight: 400;\">Das Fahrzeug wird mit vollem Kraftstofftank \u00fcbergeben und ist in selbigem Zustand zur\u00fcckzubringen. Bei R\u00fcckgabe mit fehlendem Kraftstoff wird dieser auf Kosten des Mieters aufgef\u00fcllt. Es ist ausschlie\u00dflich der im Handbuch angegebene Kraftstoff zu verwenden. Sch\u00e4den durch Fehlbetankung tr\u00e4gt der Mieter. Fahrzeuge mit AdBlue\u00ae m\u00fcssen ebenfalls regelm\u00e4\u00dfig durch den Mieter bef\u00fcllt werden.<\/span><\/p><p><span style=\"font-weight: 400;\">Zus\u00e4tzliche Kilometer und etwaige Sch\u00e4den werden nach Fahrzeugr\u00fcckgabe separat abgerechnet.<\/span><\/p><h3><b>4. Zahlung und F\u00e4lligkeit<\/b><\/h3><p><span style=\"font-weight: 400;\">Die Mietgeb\u00fchr ist zu Mietbeginn f\u00e4llig. Bei Langzeitmieten \u00fcber 28 Tage ist die Miete jeweils zum 5. des Monats im Voraus zu zahlen.<\/span><\/p><h3><b>5. K\u00fcndigung<\/b><\/h3><p><span style=\"font-weight: 400;\">Der Vermieter ist berechtigt, den Vertrag fristlos zu k\u00fcndigen, wenn:<\/span><\/p><ul><li style=\"font-weight: 400;\" aria-level=\"1\"><span style=\"font-weight: 400;\">Der Mieter mit Zahlungen in Verzug ger\u00e4t<\/span><p>\u00a0<\/p><\/li><li style=\"font-weight: 400;\" aria-level=\"1\"><span style=\"font-weight: 400;\">Das Fahrzeug unsachgem\u00e4\u00df genutzt wird<\/span><p>\u00a0<\/p><\/li><li style=\"font-weight: 400;\" aria-level=\"1\"><span style=\"font-weight: 400;\">Ein Insolvenzverfahren gegen den Mieter er\u00f6ffnet oder mangels Masse abgewiesen wird<\/span><p>\u00a0<\/p><\/li><\/ul><h3><b>6. Versicherungsschutz<\/b><\/h3><p><span style=\"font-weight: 400;\">Das Fahrzeug ist haftpflichtversichert gem\u00e4\u00df den in \u00d6sterreich \u00fcblichen Bedingungen. Etwaige Selbstbehalte im Schadensfall tr\u00e4gt der Mieter, auch bei Ereignissen wie Wildsch\u00e4den, Unwetter oder Vandalismus. Bei grober Fahrl\u00e4ssigkeit (z.\u202fB. Fahren unter Alkohol- oder Drogeneinfluss) haftet der Mieter vollumf\u00e4nglich.<\/span><\/p><p><span style=\"font-weight: 400;\">Die Weitergabe an nicht autorisierte Personen f\u00fchrt zum Erl\u00f6schen des Versicherungsschutzes. In diesem Fall haftet der Mieter f\u00fcr s\u00e4mtliche Sch\u00e4den in voller H\u00f6he.<\/span><\/p><h3><b>7. Wartung und Service<\/b><\/h3><p><span style=\"font-weight: 400;\">Bei l\u00e4ngerer Nutzung sind f\u00e4llige Wartungsarbeiten ausschlie\u00dflich durch autorisierte Werkst\u00e4tten oder nach R\u00fccksprache mit dem Vermieter durchzuf\u00fchren. Werden vorgeschriebene Serviceintervalle ignoriert und entsteht dadurch ein Schaden, haftet der Mieter f\u00fcr alle Folgekosten \u2013 einschlie\u00dflich Garantieverlusten.<\/span><\/p><h3><b>8. Verhalten bei Pannen und Unf\u00e4llen<\/b><\/h3><p><span style=\"font-weight: 400;\">Im Falle technischer Probleme oder eines Unfalls ist der Vermieter umgehend zu informieren. Nach einem Unfall ist ein Unfallprotokoll vollst\u00e4ndig und korrekt auszuf\u00fcllen. Bei unklarer Schuldfrage oder Personensch\u00e4den ist die Polizei hinzuzuziehen.<\/span><\/p><p><span style=\"font-weight: 400;\">Notrufnummer f\u00fcr Pannenhilfe und Abschleppdienst:<\/span><\/p><h3><b>9. Pflichten des Mieters<\/b><\/h3><p><span style=\"font-weight: 400;\">Der Mieter verpflichtet sich zu einem sorgsamen Umgang mit dem Fahrzeug. Dazu geh\u00f6ren: regelm\u00e4\u00dfige Kontrolle von \u00d6lstand, Reifendruck, Wasser, AdBlue\u00ae sowie das sichere Abstellen des Fahrzeugs.<\/span><\/p><p><span style=\"font-weight: 400;\">Das Fahrzeug darf nicht auf fremdem Privatgrund abgestellt werden. Aus R\u00fccksicht auf nachfolgende Mieter sind Rauchen und das Mitf\u00fchren von Tieren im Fahrzeug untersagt. Bei Zuwiderhandlung werden Reinigungsgeb\u00fchren erhoben.<\/span><\/p><h3><b>10. R\u00fcckgabe<\/b><\/h3><p><span style=\"font-weight: 400;\">Das Fahrzeug ist zum vereinbarten Zeitpunkt am Standort des Vermieters oder an einem vorher abgestimmten Ort innerhalb der regul\u00e4ren Gesch\u00e4ftszeiten zur\u00fcckzugeben. Der Zustand wird bei R\u00fcckgabe auf Sch\u00e4den, Verschmutzung und Mehrkilometer gepr\u00fcft und entsprechend abgerechnet.<\/span><\/p><p>\u00a0<\/p>\t\t\t\t\t\t\t\t<\/div>\n\t\t\t\t<\/div>\n\t\t\t\t\t<\/div>\n\t\t\t\t<\/div>\n\t\t\t\t<\/div>","protected":false},"excerpt":{"rendered":"<p>Allgemeine Mietbedingungen 1. Fahrzeugzustand und Nutzung Mit der \u00dcbernahme best\u00e4tigt der Mieter, dass das \u00fcbergebene Fahrzeug sich in einem verkehrstauglichen, sauberen und technisch einwandfreien Zustand befindet. Eventuelle Vorsch\u00e4den werden vor Fahrtantritt dokumentiert. Der Vermieter beh\u00e4lt sich das Recht vor, einen Ersatzschl\u00fcssel aufzubewahren. Das Fahrzeug darf ausschlie\u00dflich vom Mieter oder einem im Mietvertrag eingetragenen Fahrer verwendet&hellip;<\/p>","protected":false},"author":1,"featured_media":0,"parent":0,"menu_order":0,"comment_status":"closed","ping_status":"closed","template":"","meta":{"footnotes":""},"class_list":["post-18775","page","type-page","status-publish","hentry"],"_links":{"self":[{"href":"https:\/\/the-rentcar.at\/en\/wp-json\/wp\/v2\/pages\/18775","targetHints":{"allow":["GET"]}}],"collection":[{"href":"https:\/\/the-rentcar.at\/en\/wp-json\/wp\/v2\/pages"}],"about":[{"href":"https:\/\/the-rentcar.at\/en\/wp-json\/wp\/v2\/types\/page"}],"author":[{"embeddable":true,"href":"https:\/\/the-rentcar.at\/en\/wp-json\/wp\/v2\/users\/1"}],"replies":[{"embeddable":true,"href":"https:\/\/the-rentcar.at\/en\/wp-json\/wp\/v2\/comments?post=18775"}],"version-history":[{"count":7,"href":"https:\/\/the-rentcar.at\/en\/wp-json\/wp\/v2\/pages\/18775\/revisions"}],"predecessor-version":[{"id":18782,"href":"https:\/\/the-rentcar.at\/en\/wp-json\/wp\/v2\/pages\/18775\/revisions\/18782"}],"wp:attachment":[{"href":"https:\/\/the-rentcar.at\/en\/wp-json\/wp\/v2\/media?parent=18775"}],"curies":[{"name":"wp","href":"https:\/\/api.w.org\/{rel}","templated":true}]}}